{"id":387,"date":"2021-06-28T10:13:33","date_gmt":"2021-06-28T10:13:33","guid":{"rendered":"https:\/\/fjardarbon.com\/serstok-tilbod\/"},"modified":"2021-06-28T10:13:33","modified_gmt":"2021-06-28T10:13:33","slug":"serstok-tilbod","status":"publish","type":"page","link":"https:\/\/fjardarbon.com\/is\/serstok-tilbod\/","title":{"rendered":"S\u00e9rst\u00f6k tilbo\u00f0"},"content":{"rendered":"<div class=\"wpb-content-wrapper\"><p>[vc_row as_padding_top=&#8220;theme-padding-top-5&#8243;][vc_column]\n            <div class=\"theme-component-header-subheader alignleft\">\n                <h2 class=\"theme-component-header-subheader-header theme-header-underline\">The best deal you can't refuse<\/h2>\n                <div class=\"theme-component-header-subheader-subheader\">We have time when you are busy<\/div>\n            <\/div>\n        [vc_column_text]hefur \u00fe\u00fa veri\u00f0 \u00ed \u00feeim sporum a\u00f0 hafa ekki t\u00edma til a\u00f0 fara me\u00f0 b\u00edlinn \u00ed vi\u00f0ger\u00f0 e\u00f0a \u00ed sko\u00f0un?<\/p>\n<p>\u00deess vegna erum vi\u00f0 me\u00f0 s\u00e9rst\u00f6k tilbo\u00f0 fyrir allt sem b\u00edlin og \u00feig vantar. Endilega sko\u00f0a\u00f0u \u00feau![\/vc_column_text][vc_empty_space height=&#8220;60px&#8220;][vc_single_image image=&#8220;231&#8243; img_size=&#8220;autospa-image-760-506&#8243;][\/vc_column][\/vc_row][vc_row as_padding_top=&#8220;theme-padding-top-5&#8243;][vc_column width=&#8220;1\/2&#8243;][vc_column_text]<\/p>\n<ul class=\"theme-component-list\">\n<li>Vi\u00f0 n\u00e1um \u00ed b\u00edlinn<\/li>\n<li>Vi\u00f0 f\u00f6rum me\u00f0 hann \u00e1 verkst\u00e6\u00f0i \u00ed sko\u00f0un\/vi\u00f0ger\u00f0<\/li>\n<li>Vi\u00f0 skilum b\u00edlnum eftir sko\u00f0un\/vi\u00f0ger\u00f0<\/li>\n<li>Vi\u00f0 bj\u00f3\u00f0um upp \u00e1 15% afsl\u00e1tt ef \u00fe\u00fa l\u00e6tur einnig sko\u00f0a b\u00edlinn hj\u00e1 okkur<\/li>\n<\/ul>\n<p>[\/vc_column_text][\/vc_column][vc_column width=&#8220;1\/2&#8243;][vc_column_text]<\/p>\n<ul class=\"theme-component-list\">\n<li>Vi\u00f0 bj\u00f3\u00f0um upp\u00e1 minnih\u00e1tta vi\u00f0ger\u00f0ir \u00e1 b\u00edlnum eftir sko\u00f0un<\/li>\n<li>Vi\u00f0 bj\u00f3\u00f0um upp \u00e1 vi\u00f0ger\u00f0ir \u00e1 d\u00e6ldum og rispum<\/li>\n<li>Vi\u00f0 skiptum um perur \u00ed lj\u00f3sum<\/li>\n<li>Vi\u00f0 bj\u00f3\u00f0um upp \u00e1 15% afsl\u00e1tt ef \u00fe\u00fa l\u00e6tur einnig sko\u00f0a b\u00edlinn hj\u00e1 okkur<\/li>\n<\/ul>\n<p>[\/vc_column_text][\/vc_column][\/vc_row][vc_row as_padding_top=&#8220;theme-padding-top-5&#8243; as_padding_bottom=&#8220;theme-padding-bottom-5&#8243;][vc_column]\n            <div class=\"theme-component-header-subheader alignleft\">\n                <h4 class=\"theme-component-header-subheader-header theme-header-underline\">Special prices<\/h4>\n                \n            <\/div>\n        [vc_column_text]\u00ed \u00f6llum ver\u00f0um er innifali\u00f0 a\u00f0 n\u00e1 \u00ed b\u00edlinn og skilun \u00e1 honum eftir a\u00f0 verki er loki\u00f0.[\/vc_column_text][vc_empty_space height=&#8220;30px&#8220;]\n            <div class=\"theme-component-simple-table theme-clear-fix\">\n                <ul>\n                \r\n            <li>\r\n                <div>Headlight Restoration for small cars<\/div>\r\n                <div>5.990kr<\/div>\r\n            <\/li>\r\n        \r\n            <li>\r\n                <div>Headlight Restoration for large cars<\/div>\r\n                <div>7.990kr<\/div>\r\n            <\/li>\r\n        \r\n            <li>\r\n                <div>Inspection and cleaning packages<\/div>\r\n                <div>6.990kr per hour<\/div>\r\n            <\/li>\r\n        \r\n            <li>\r\n                <div>Small dent or scratch repairs<\/div>\r\n                <div>Call us for best offer<\/div>\r\n            <\/li>\r\n        \n                <\/ul>\n            <\/div>\n        [\/vc_column][\/vc_row]<\/p>\n<\/div>","protected":false},"excerpt":{"rendered":"<p>[vc_row as_padding_top=&#8220;theme-padding-top-5&#8243;][vc_column][vc_column_text]hefur \u00fe\u00fa veri\u00f0 \u00ed \u00feeim sporum a\u00f0 hafa ekki t\u00edma til a\u00f0 fara me\u00f0 b\u00edlinn \u00ed vi\u00f0ger\u00f0 e\u00f0a \u00ed sko\u00f0un? \u00deess vegna erum vi\u00f0 me\u00f0 s\u00e9rst\u00f6k tilbo\u00f0 fyrir allt sem b\u00edlin og \u00feig vantar. Endilega sko\u00f0a\u00f0u \u00feau![\/vc_column_text][vc_empty_space height=&#8220;60px&#8220;][vc_single_image image=&#8220;231&#8243; img_size=&#8220;autospa-image-760-506&#8243;][\/vc_column][\/vc_row][vc_row as_padding_top=&#8220;theme-padding-top-5&#8243;][vc_column width=&#8220;1\/2&#8243;][vc_column_text] Vi\u00f0 n\u00e1um \u00ed b\u00edlinn Vi\u00f0 f\u00f6rum me\u00f0 hann \u00e1 verkst\u00e6\u00f0i \u00ed sko\u00f0un\/vi\u00f0ger\u00f0&hellip;<\/p>\n","protected":false},"author":1,"featured_media":0,"parent":0,"menu_order":0,"comment_status":"closed","ping_status":"closed","template":"page.php","meta":{"footnotes":""},"class_list":["post-387","page","type-page","status-publish","hentry"],"_links":{"self":[{"href":"https:\/\/fjardarbon.com\/is\/wp-json\/wp\/v2\/pages\/387","targetHints":{"allow":["GET"]}}],"collection":[{"href":"https:\/\/fjardarbon.com\/is\/wp-json\/wp\/v2\/pages"}],"about":[{"href":"https:\/\/fjardarbon.com\/is\/wp-json\/wp\/v2\/types\/page"}],"author":[{"embeddable":true,"href":"https:\/\/fjardarbon.com\/is\/wp-json\/wp\/v2\/users\/1"}],"replies":[{"embeddable":true,"href":"https:\/\/fjardarbon.com\/is\/wp-json\/wp\/v2\/comments?post=387"}],"version-history":[{"count":2,"href":"https:\/\/fjardarbon.com\/is\/wp-json\/wp\/v2\/pages\/387\/revisions"}],"predecessor-version":[{"id":389,"href":"https:\/\/fjardarbon.com\/is\/wp-json\/wp\/v2\/pages\/387\/revisions\/389"}],"wp:attachment":[{"href":"https:\/\/fjardarbon.com\/is\/wp-json\/wp\/v2\/media?parent=387"}],"curies":[{"name":"wp","href":"https:\/\/api.w.org\/{rel}","templated":true}]}}