{"id":383,"date":"2021-06-28T10:09:00","date_gmt":"2021-06-28T10:09:00","guid":{"rendered":"https:\/\/fjardarbon.com\/thjonusta\/"},"modified":"2021-06-28T10:09:00","modified_gmt":"2021-06-28T10:09:00","slug":"thjonusta","status":"publish","type":"page","link":"https:\/\/fjardarbon.com\/is\/thjonusta\/","title":{"rendered":"\u00dej\u00f3nusta"},"content":{"rendered":"<div class=\"wpb-content-wrapper\"><p>[vc_row as_padding_top=&#8220;theme-padding-top-5&#8243; as_padding_bottom=&#8220;theme-padding-bottom-3&#8243;][vc_column width=&#8220;1\/3&#8243;][vc_single_image image=&#8220;158&#8243; img_size=&#8220;autospa-image-460-306&#8243; onclick=&#8220;custom_link&#8220; link=&#8220;#&#8220;][vc_empty_space height=&#8220;30px&#8220;][vc_column_text]<\/p>\n<h5><a href=\"https:\/\/fjardarbon.com\/is\/boka\/\">Sn\u00f6ggur Hand\u00fevottur<\/a><\/h5>\n<p>Al\u00ferif a\u00f0 utan \u00e1 g\u00f3\u00f0u ver\u00f0i, fjarl\u00e6gir ryk, skord\u00fdr, salt og annan \u00f3\u00ferifna\u00f0 sem sest \u00e1 b\u00edlinn a\u00f0 utan. Skilar b\u00edlnum hreinum og \u00feurrum.[\/vc_column_text][\/vc_column][vc_column width=&#8220;1\/3&#8243;][vc_single_image image=&#8220;155&#8243; img_size=&#8220;autospa-image-460-306&#8243; onclick=&#8220;custom_link&#8220; link=&#8220;#&#8220;][vc_empty_space height=&#8220;30px&#8220;][vc_column_text]<\/p>\n<h5><a href=\"https:\/\/fjardarbon.com\/is\/boka\/\">\u00derif a\u00f0 innan<\/a><\/h5>\n<p>\u00derif a\u00f0 innan. inniheldur ryksugun, af\u00feurkun af \u00f6llum innr\u00e9ttingum og m\u00e6labor\u00f0i. Skilar \u00fe\u00e9r hreinu farat\u00e6ki tilb\u00fanu til daglegrar notkunar.[\/vc_column_text][\/vc_column][vc_column width=&#8220;1\/3&#8243;][vc_single_image image=&#8220;200&#8243; img_size=&#8220;autospa-image-460-306&#8243; onclick=&#8220;custom_link&#8220; link=&#8220;#&#8220;][vc_empty_space height=&#8220;30px&#8220;][vc_column_text]<\/p>\n<h5><a href=\"https:\/\/fjardarbon.com\/is\/boka\/\">Almenn B\u00edla\u00fevottur<\/a><\/h5>\n<p>Vins\u00e6lasti pakkinn inniheldur \u00fevott a\u00f0 innan og utan pl\u00fas nokkrir auka \u00ferif.[\/vc_column_text][\/vc_column][\/vc_row][vc_row as_padding_top=&#8220;theme-padding-top-5&#8243; as_padding_bottom=&#8220;theme-padding-bottom-3&#8243;][vc_column width=&#8220;1\/3&#8243;][vc_single_image image=&#8220;160&#8243; img_size=&#8220;autospa-image-460-306&#8243; onclick=&#8220;custom_link&#8220; link=&#8220;#&#8220;][vc_empty_space height=&#8220;30px&#8220;][vc_column_text]<\/p>\n<h5><a href=\"https:\/\/fjardarbon.com\/is\/boka\/\">Dj\u00faphreinsun \u00e1 s\u00e6tum<\/a><\/h5>\n<p>Ef bifrei\u00f0in hefur tau\u00e1kl\u00e6\u00f0i er \u00feessi \u00fej\u00f3nusta tilvalin. Skilar \u00ferifnu \u00e1kl\u00e6\u00f0i og \u00ed sumum tilfellum fjarl\u00e6gir bletti.[\/vc_column_text][\/vc_column][vc_column width=&#8220;1\/3&#8243;][vc_single_image image=&#8220;197&#8243; img_size=&#8220;autospa-image-460-306&#8243; onclick=&#8220;custom_link&#8220; link=&#8220;#&#8220;][vc_empty_space height=&#8220;30px&#8220;][vc_column_text]<\/p>\n<h5><a href=\"https:\/\/fjardarbon.com\/is\/boka\/\">Teppa sjamp\u00f3<\/a><\/h5>\n<p>Vi\u00f0 \u00fer\u00edfum g\u00f3lf\u00e1kl\u00e6\u00f0i\u00f0 me\u00f0 okkar einst\u00f6ku v\u00f6rum sem skilur bifrei\u00f0ina eftir hreina og ferska.[\/vc_column_text][\/vc_column][vc_column width=&#8220;1\/3&#8243;][vc_single_image image=&#8220;198&#8243; img_size=&#8220;autospa-image-460-306&#8243; onclick=&#8220;custom_link&#8220; link=&#8220;#&#8220;][vc_empty_space height=&#8220;30px&#8220;][vc_column_text]<\/p>\n<h5><a href=\"https:\/\/fjardarbon.com\/is\/boka\/\">V\u00e9larhreinsun me\u00f0 gufu<\/a><\/h5>\n<p>Gufuhreinsunin n\u00e6r \u00ed burtu utan\u00e1liggjandi ol\u00edu og \u00f3hreinindum, s\u00ed\u00f0an er lofti bl\u00e1si\u00f0 um v\u00e9lina til a\u00f0 \u00feurka upp vatni\u00f0. Notum Armor All svo v\u00e9lin sk\u00edni eins og  n\u00fd.[\/vc_column_text][\/vc_column][\/vc_row][vc_row full_width=&#8220;stretch_row&#8220; as_padding_top=&#8220;theme-padding-top-5&#8243; as_padding_bottom=&#8220;theme-padding-bottom-5&#8243;][vc_column]\n            <div class=\"theme-component-call-to-action\">\n                <h3 class=\"theme-component-call-to-action-header\">Vantar \u00feig a\u00f0 spara t\u00edma og l\u00e1ta fara me\u00f0 bifrei\u00f0ina \u00ed sko\u00f0un e\u00f0a l\u00e1ta gera vi\u00f0 litlar d\u00e6ldir? Athuga\u00f0u \u00fe\u00e1 a\u00f0rar \u00fej\u00f3nustur hj\u00e1 okkur og tilbo\u00f0.<\/h3>\n                \r\n            <div class=\"theme-component-button left theme-component-call-to-action-button\">\r\n                <a href=\"\/special-offers\" target=\"_self\"  class=\"theme-button theme-button-1\">\r\n                    S\u00e9rst\u00f6k tilbo\u00f0\r\n                <\/a>\r\n            <\/div>\r\n        \n            <\/div>\n        [\/vc_column][\/vc_row]<\/p>\n<\/div>","protected":false},"excerpt":{"rendered":"<p>[vc_row as_padding_top=&#8220;theme-padding-top-5&#8243; as_padding_bottom=&#8220;theme-padding-bottom-3&#8243;][vc_column width=&#8220;1\/3&#8243;][vc_single_image image=&#8220;158&#8243; img_size=&#8220;autospa-image-460-306&#8243; onclick=&#8220;custom_link&#8220; link=&#8220;#&#8220;][vc_empty_space height=&#8220;30px&#8220;][vc_column_text] Sn\u00f6ggur Hand\u00fevottur Al\u00ferif a\u00f0 utan \u00e1 g\u00f3\u00f0u ver\u00f0i, fjarl\u00e6gir ryk, skord\u00fdr, salt og annan \u00f3\u00ferifna\u00f0 sem sest \u00e1 b\u00edlinn a\u00f0 utan. Skilar b\u00edlnum hreinum og \u00feurrum.[\/vc_column_text][\/vc_column][vc_column width=&#8220;1\/3&#8243;][vc_single_image image=&#8220;155&#8243; img_size=&#8220;autospa-image-460-306&#8243; onclick=&#8220;custom_link&#8220; link=&#8220;#&#8220;][vc_empty_space height=&#8220;30px&#8220;][vc_column_text] \u00derif a\u00f0 innan \u00derif a\u00f0 innan. inniheldur ryksugun, af\u00feurkun af \u00f6llum innr\u00e9ttingum og m\u00e6labor\u00f0i.&hellip;<\/p>\n","protected":false},"author":1,"featured_media":0,"parent":0,"menu_order":0,"comment_status":"closed","ping_status":"closed","template":"","meta":{"footnotes":""},"class_list":["post-383","page","type-page","status-publish","hentry"],"_links":{"self":[{"href":"https:\/\/fjardarbon.com\/is\/wp-json\/wp\/v2\/pages\/383","targetHints":{"allow":["GET"]}}],"collection":[{"href":"https:\/\/fjardarbon.com\/is\/wp-json\/wp\/v2\/pages"}],"about":[{"href":"https:\/\/fjardarbon.com\/is\/wp-json\/wp\/v2\/types\/page"}],"author":[{"embeddable":true,"href":"https:\/\/fjardarbon.com\/is\/wp-json\/wp\/v2\/users\/1"}],"replies":[{"embeddable":true,"href":"https:\/\/fjardarbon.com\/is\/wp-json\/wp\/v2\/comments?post=383"}],"version-history":[{"count":2,"href":"https:\/\/fjardarbon.com\/is\/wp-json\/wp\/v2\/pages\/383\/revisions"}],"predecessor-version":[{"id":385,"href":"https:\/\/fjardarbon.com\/is\/wp-json\/wp\/v2\/pages\/383\/revisions\/385"}],"wp:attachment":[{"href":"https:\/\/fjardarbon.com\/is\/wp-json\/wp\/v2\/media?parent=383"}],"curies":[{"name":"wp","href":"https:\/\/api.w.org\/{rel}","templated":true}]}}