{"id":368,"date":"2021-06-28T09:23:28","date_gmt":"2021-06-28T09:23:28","guid":{"rendered":"https:\/\/fjardarbon.com\/um-okkur\/"},"modified":"2022-06-11T12:27:54","modified_gmt":"2022-06-11T12:27:54","slug":"um-okkur","status":"publish","type":"page","link":"https:\/\/fjardarbon.com\/is\/um-okkur\/","title":{"rendered":"Um Okkur"},"content":{"rendered":"<div class=\"wpb-content-wrapper\"><p>[vc_row as_padding_top=&#8220;theme-padding-top-5&#8243;][vc_column]\n            <div class=\"theme-component-header-subheader aligncenter\">\n                <h2 class=\"theme-component-header-subheader-header theme-header-underline\">Our Popular Services<\/h2>\n                <div class=\"theme-component-header-subheader-subheader\">Save time and money<\/div>\n            <\/div>\n        [vc_column_text el_class=&#8220;aligncenter&#8220;]Vi\u00f0 skuldbindum okkur til a\u00f0 gefa g\u00e6\u00f0a\u00fej\u00f3nustu, \u00e1 g\u00f3\u00f0u ver\u00f0i me\u00f0 \u00fe\u00e6gilegum opnunart\u00edma.<br \/>\nOkkar markmi\u00f0 eru a\u00f0 veita g\u00f3\u00f0a og pers\u00f3nulega \u00fej\u00f3nustu.[\/vc_column_text][\/vc_column][\/vc_row][vc_row as_padding_top=&#8220;theme-padding-top-5&#8243; as_padding_bottom=&#8220;theme-padding-bottom-3&#8243;][vc_column width=&#8220;1\/3&#8243;][vc_single_image image=&#8220;158&#8243; img_size=&#8220;autospa-image-460-306&#8243; onclick=&#8220;custom_link&#8220; link=&#8220;#&#8220;][vc_empty_space height=&#8220;30px&#8220;][vc_column_text]<\/p>\n<h5><a href=\"https:\/\/fjardarbon.com\/is\/boka\/\">SN\u00d6GGUR HAND\u00deVOTTUR<\/a><\/h5>\n<p>Al\u00ferif a\u00f0 utan \u00e1 g\u00f3\u00f0u ver\u00f0i, fjarl\u00e6gir ryk, skord\u00fdr, salt og annan \u00f3\u00ferifna\u00f0 sem sest \u00e1 b\u00edlinn a\u00f0 utan. Skilar b\u00edlnum hreinum og \u00feurrum.[\/vc_column_text][\/vc_column][vc_column width=&#8220;1\/3&#8243;][vc_single_image image=&#8220;155&#8243; img_size=&#8220;autospa-image-460-306&#8243; onclick=&#8220;custom_link&#8220; link=&#8220;#&#8220;][vc_empty_space height=&#8220;30px&#8220;][vc_column_text]<\/p>\n<h5><a href=\"https:\/\/fjardarbon.com\/is\/boka\/\">\u00derif a\u00f0 innan<\/a><\/h5>\n<p>\u00ferif a\u00f0 innan. inniheldur ryksugun, af\u00feurkun af \u00f6llum innr\u00e9ttingum og m\u00e6labor\u00f0i. Skilar \u00fe\u00e9r hreinu farat\u00e6ki tilb\u00fanu til daglegrar notkunar.[\/vc_column_text][\/vc_column][vc_column width=&#8220;1\/3&#8243;][vc_single_image image=&#8220;160&#8243; img_size=&#8220;autospa-image-460-306&#8243; onclick=&#8220;custom_link&#8220; link=&#8220;#&#8220;][vc_empty_space height=&#8220;30px&#8220;][vc_column_text]<\/p>\n<h5><a href=\"https:\/\/fjardarbon.com\/is\/boka\/\">Dj\u00faphreinsun \u00e1 s\u00e6tum<\/a><\/h5>\n<p>Ef bifrei\u00f0in hefur tau\u00e1kl\u00e6\u00f0i er \u00feessi \u00fej\u00f3nusta tilvalin. Skilar \u00ferifnu \u00e1kl\u00e6\u00f0i og \u00ed sumum tilfellum fjarl\u00e6gir bletti.[\/vc_column_text][\/vc_column][\/vc_row][vc_row full_width=&#8220;stretch_row_content_no_spaces&#8220; equal_height=&#8220;yes&#8220; as_padding_top=&#8220;theme-padding-top-5&#8243; as_column_width_type=&#8220;1&#8243;][vc_column width=&#8220;1\/2&#8243; as_margin_bottom=&#8220;theme-margin-bottom-5&#8243; as_padding_inner=&#8220;theme-padding-1&#8243;]\n            <div class=\"theme-component-header-subheader aligncenter\">\n                <h2 class=\"theme-component-header-subheader-header theme-header-underline\">Why Choose Us<\/h2>\n                <div class=\"theme-component-header-subheader-subheader\">A great value services<\/div>\n            <\/div>\n        [vc_column_text]Hvort sem \u00fe\u00fa hefur ekki komi\u00f0 \u00e1\u00f0ur \u00e1 b\u00edla\u00fevottast\u00f6\u00f0 e\u00f0a langt s\u00ed\u00f0an s\u00ed\u00f0ast \u00fe\u00e1 endilega gef\u00f0u okkur t\u00e6kif\u00e6ri.<\/p>\n<div>Vi\u00f0 leggjum metna\u00f0 \u00ed a\u00f0 gefa \u00fe\u00e9r besta \u00fevottin hvort sem \u00fea\u00f0 er fyrir b\u00edlinn, vagninn,sendib\u00edlinn e\u00f0a jeppan. Vi\u00f0 st\u00e1tum okkur af g\u00e6\u00f0a \u00fej\u00f3nust og \u00feakkl\u00e1tum vi\u00f0skiptavinum. \u00dea\u00f0 er f\u00e1tt \u00e1n\u00e6gulegra en \u00e1n\u00e6g\u00f0ur vi\u00f0skiptavinur og \u00fe\u00e1 h\u00f6fum vi\u00f0 sannarlega.<\/div>\n<p>Vi\u00f0 \u00e1byrgjumst a\u00f0 \u00feegar b\u00edllin fer fr\u00e1 Fjar\u00f0arb\u00f3ni mun hann sk\u00edna sem n\u00fdr.[vc_empty_space height=&#8220;60&#8243;]\r\n            <div class=\"theme-component-button aligncenter\">\r\n                <a href=\"https:\/\/noona.is\/fjardarbon\" target=\"_self\"  class=\"theme-button theme-button-1\">\r\n                    Book Now\r\n                <\/a>\r\n            <\/div>\r\n        [\/vc_column_text][\/vc_column][vc_column width=&#8220;1\/2&#8243; as_margin_bottom=&#8220;theme-margin-bottom-5&#8243; css=&#8220;.vc_custom_1621383814237{background-image: url(https:\/\/fjardarbon.com\/wp-content\/uploads\/2021\/05\/why1.jpg?id=163) !important;background-position: center !important;background-repeat: no-repeat !important;background-size: cover !important;}&#8220;][\/vc_column][\/vc_row][vc_row full_width=&#8220;stretch_row_content_no_spaces&#8220; equal_height=&#8220;yes&#8220; as_padding_top=&#8220;theme-padding-top-5&#8243; as_column_width_type=&#8220;1&#8243;][vc_column width=&#8220;1\/2&#8243; as_margin_bottom=&#8220;theme-margin-bottom-5&#8243; css=&#8220;.vc_custom_1621387030662{background-image: url(https:\/\/fjardarbon.com\/wp-content\/uploads\/2021\/05\/why2.jpg?id=175) !important;background-position: center !important;background-repeat: no-repeat !important;background-size: cover !important;}&#8220;][\/vc_column][vc_column width=&#8220;1\/2&#8243; as_margin_bottom=&#8220;theme-margin-bottom-5&#8243; as_padding_inner=&#8220;theme-padding-1&#8243;]\n            <div class=\"theme-component-header-subheader aligncenter\">\n                <h2 class=\"theme-component-header-subheader-header theme-header-underline\">Committed to the Environment<\/h2>\n                <div class=\"theme-component-header-subheader-subheader\">Try to Go Green<\/div>\n            <\/div>\n        [vc_column_text]Vi\u00f0 erum skuldbundin a\u00f0 gera \u00fea\u00f0 sem vi\u00f0 getum til a\u00f0 vi\u00f0halda og draga \u00fe\u00e1 frekar \u00far umhverfis\u00e1hrifum. Ekki eing\u00f6ngu notum vi\u00f0 mun minna vatn en sj\u00e1lvirku b\u00edla\u00fevottast\u00f6\u00f0varnar heldur eru efnin okkar umhverfisv\u00e6n og valda ekki tj\u00f3ni \u00e1 loftg\u00e6\u00f0um og jar\u00f0vegi.<\/p>\n<p>[vc_empty_space height=&#8220;60&#8243;]\r\n            <div class=\"theme-component-button aligncenter\">\r\n                <a href=\"https:\/\/noona.is\/fjardarbon\" target=\"_self\"  class=\"theme-button theme-button-1\">\r\n                    B\u00f3ka n\u00fana\r\n                <\/a>\r\n            <\/div>\r\n        [\/vc_column_text][\/vc_column][\/vc_row][vc_row][vc_column]\n            <div class=\"theme-component-header-subheader aligncenter\">\n                <h2 class=\"theme-component-header-subheader-header theme-header-underline\">\u00dar myndasafni<\/h2>\n                <div class=\"theme-component-header-subheader-subheader\">Sum verk okkar<\/div>\n            <\/div>\n        \n            <div class=\"theme-component-gallery-masonry\">\n                <ul class=\"theme-component-gallery-masonry-image-list\">\n                    \n            <li class=\"theme-component-gallery-masonry-item theme-component-gallery-masonry-item-width-1 theme-image theme-image-hover\" data-width-count=\"1\">\n                <a data-fancybox-group=\"theme_gallery_masonry_A7B86578DA6E6C1C225A2DF7E75CF99E\" href=\"https:\/\/fjardarbon.com\/wp-content\/uploads\/2021\/05\/galery6.jpg\" class=\"theme-image-fancybox\">\n                    <img decoding=\"async\" src=\"https:\/\/fjardarbon.com\/wp-content\/uploads\/2021\/05\/galery6.jpg\" alt=\"\"\/>\n                    <span class=\"theme-image-hover-layer\">\n                        <span>\n                            <span>\n                                \n                            <\/span>\n                        <\/span>\n                    <\/span>\n                    <span class=\"theme-image-description\"><\/span>\n                <\/a>\n            <\/li>\n        \n            <li class=\"theme-component-gallery-masonry-item theme-component-gallery-masonry-item-width-1 theme-image theme-image-hover\" data-width-count=\"1\">\n                <a data-fancybox-group=\"theme_gallery_masonry_A7B86578DA6E6C1C225A2DF7E75CF99E\" href=\"https:\/\/fjardarbon.com\/wp-content\/uploads\/2021\/05\/galery4.jpg\" class=\"theme-image-fancybox\">\n                    <img decoding=\"async\" src=\"https:\/\/fjardarbon.com\/wp-content\/uploads\/2021\/05\/galery4.jpg\" alt=\"\"\/>\n                    <span class=\"theme-image-hover-layer\">\n                        <span>\n                            <span>\n                                \n                            <\/span>\n                        <\/span>\n                    <\/span>\n                    <span class=\"theme-image-description\"><\/span>\n                <\/a>\n            <\/li>\n        \n            <li class=\"theme-component-gallery-masonry-item theme-component-gallery-masonry-item-width-1 theme-image theme-image-hover\" data-width-count=\"1\">\n                <a data-fancybox-group=\"theme_gallery_masonry_A7B86578DA6E6C1C225A2DF7E75CF99E\" href=\"https:\/\/fjardarbon.com\/wp-content\/uploads\/2021\/05\/galery2.jpg\" class=\"theme-image-fancybox\">\n                    <img decoding=\"async\" src=\"https:\/\/fjardarbon.com\/wp-content\/uploads\/2021\/05\/galery2.jpg\" alt=\"\"\/>\n                    <span class=\"theme-image-hover-layer\">\n                        <span>\n                            <span>\n                                \n                            <\/span>\n                        <\/span>\n                    <\/span>\n                    <span class=\"theme-image-description\"><\/span>\n                <\/a>\n            <\/li>\n        \n            <li class=\"theme-component-gallery-masonry-item theme-component-gallery-masonry-item-width-2 theme-image theme-image-hover\" data-width-count=\"2\">\n                <a data-fancybox-group=\"theme_gallery_masonry_A7B86578DA6E6C1C225A2DF7E75CF99E\" href=\"https:\/\/fjardarbon.com\/wp-content\/uploads\/2021\/05\/galery1.jpg\" class=\"theme-image-fancybox\">\n                    <img decoding=\"async\" src=\"https:\/\/fjardarbon.com\/wp-content\/uploads\/2021\/05\/galery1.jpg\" alt=\"\"\/>\n                    <span class=\"theme-image-hover-layer\">\n                        <span>\n                            <span>\n                                \n                            <\/span>\n                        <\/span>\n                    <\/span>\n                    <span class=\"theme-image-description\"><\/span>\n                <\/a>\n            <\/li>\n        \n            <li class=\"theme-component-gallery-masonry-item theme-component-gallery-masonry-item-width-1 theme-image theme-image-hover\" data-width-count=\"1\">\n                <a data-fancybox-group=\"theme_gallery_masonry_A7B86578DA6E6C1C225A2DF7E75CF99E\" href=\"https:\/\/fjardarbon.com\/wp-content\/uploads\/2021\/05\/galery5.jpg\" class=\"theme-image-fancybox\">\n                    <img decoding=\"async\" src=\"https:\/\/fjardarbon.com\/wp-content\/uploads\/2021\/05\/galery5.jpg\" alt=\"\"\/>\n                    <span class=\"theme-image-hover-layer\">\n                        <span>\n                            <span>\n                                \n                            <\/span>\n                        <\/span>\n                    <\/span>\n                    <span class=\"theme-image-description\"><\/span>\n                <\/a>\n            <\/li>\n        \n            <li class=\"theme-component-gallery-masonry-item theme-component-gallery-masonry-item-width-1 theme-image theme-image-hover\" data-width-count=\"1\">\n                <a data-fancybox-group=\"theme_gallery_masonry_A7B86578DA6E6C1C225A2DF7E75CF99E\" href=\"https:\/\/fjardarbon.com\/wp-content\/uploads\/2021\/05\/galery3.jpg\" class=\"theme-image-fancybox\">\n                    <img decoding=\"async\" src=\"https:\/\/fjardarbon.com\/wp-content\/uploads\/2021\/05\/galery3.jpg\" alt=\"\"\/>\n                    <span class=\"theme-image-hover-layer\">\n                        <span>\n                            <span>\n                                \n                            <\/span>\n                        <\/span>\n                    <\/span>\n                    <span class=\"theme-image-description\"><\/span>\n                <\/a>\n            <\/li>\n        \n            <li class=\"theme-component-gallery-masonry-item theme-component-gallery-masonry-item-width-1 theme-image theme-image-hover\" data-width-count=\"1\">\n                <a data-fancybox-group=\"theme_gallery_masonry_A7B86578DA6E6C1C225A2DF7E75CF99E\" href=\"https:\/\/fjardarbon.com\/wp-content\/uploads\/2021\/05\/galery7.jpg\" class=\"theme-image-fancybox\">\n                    <img decoding=\"async\" src=\"https:\/\/fjardarbon.com\/wp-content\/uploads\/2021\/05\/galery7.jpg\" alt=\"\"\/>\n                    <span class=\"theme-image-hover-layer\">\n                        <span>\n                            <span>\n                                \n                            <\/span>\n                        <\/span>\n                    <\/span>\n                    <span class=\"theme-image-description\"><\/span>\n                <\/a>\n            <\/li>\n        \n                <\/ul>\n            <\/div>\n        [\/vc_column][\/vc_row]<\/p>\n<\/div>","protected":false},"excerpt":{"rendered":"<p>[vc_row as_padding_top=&#8220;theme-padding-top-5&#8243;][vc_column][vc_column_text el_class=&#8220;aligncenter&#8220;]Vi\u00f0 skuldbindum okkur til a\u00f0 gefa g\u00e6\u00f0a\u00fej\u00f3nustu, \u00e1 g\u00f3\u00f0u ver\u00f0i me\u00f0 \u00fe\u00e6gilegum opnunart\u00edma. Okkar markmi\u00f0 eru a\u00f0 veita g\u00f3\u00f0a og pers\u00f3nulega \u00fej\u00f3nustu.[\/vc_column_text][\/vc_column][\/vc_row][vc_row as_padding_top=&#8220;theme-padding-top-5&#8243; as_padding_bottom=&#8220;theme-padding-bottom-3&#8243;][vc_column width=&#8220;1\/3&#8243;][vc_single_image image=&#8220;158&#8243; img_size=&#8220;autospa-image-460-306&#8243; onclick=&#8220;custom_link&#8220; link=&#8220;#&#8220;][vc_empty_space height=&#8220;30px&#8220;][vc_column_text] SN\u00d6GGUR HAND\u00deVOTTUR Al\u00ferif a\u00f0 utan \u00e1 g\u00f3\u00f0u ver\u00f0i, fjarl\u00e6gir ryk, skord\u00fdr, salt og annan \u00f3\u00ferifna\u00f0 sem sest \u00e1 b\u00edlinn a\u00f0 utan. Skilar b\u00edlnum&hellip;<\/p>\n","protected":false},"author":1,"featured_media":0,"parent":0,"menu_order":0,"comment_status":"closed","ping_status":"closed","template":"page.php","meta":{"footnotes":""},"class_list":["post-368","page","type-page","status-publish","hentry"],"_links":{"self":[{"href":"https:\/\/fjardarbon.com\/is\/wp-json\/wp\/v2\/pages\/368","targetHints":{"allow":["GET"]}}],"collection":[{"href":"https:\/\/fjardarbon.com\/is\/wp-json\/wp\/v2\/pages"}],"about":[{"href":"https:\/\/fjardarbon.com\/is\/wp-json\/wp\/v2\/types\/page"}],"author":[{"embeddable":true,"href":"https:\/\/fjardarbon.com\/is\/wp-json\/wp\/v2\/users\/1"}],"replies":[{"embeddable":true,"href":"https:\/\/fjardarbon.com\/is\/wp-json\/wp\/v2\/comments?post=368"}],"version-history":[{"count":6,"href":"https:\/\/fjardarbon.com\/is\/wp-json\/wp\/v2\/pages\/368\/revisions"}],"predecessor-version":[{"id":887,"href":"https:\/\/fjardarbon.com\/is\/wp-json\/wp\/v2\/pages\/368\/revisions\/887"}],"wp:attachment":[{"href":"https:\/\/fjardarbon.com\/is\/wp-json\/wp\/v2\/media?parent=368"}],"curies":[{"name":"wp","href":"https:\/\/api.w.org\/{rel}","templated":true}]}}